{"id":42,"date":"2016-01-19T23:37:02","date_gmt":"2016-01-19T22:37:02","guid":{"rendered":"http:\/\/cordeliakoch.de\/?page_id=42"},"modified":"2016-02-29T21:02:14","modified_gmt":"2016-02-29T20:02:14","slug":"freiobst","status":"publish","type":"page","link":"http:\/\/cordeliakoch.de\/index.php\/freiobst\/","title":{"rendered":"FREIOBST-PANKOW"},"content":{"rendered":"<p><strong>Wir pflanzen Obstb\u00e4ume, die in einigen Jahren von allen beerntet werden d\u00fcrfen.<\/strong><\/p>\n<p>FREIOBST-PANKOW wurde 2012 von mir f\u00fcr B\u00fcndnis 90\/Die Gr\u00fcnen (Pankow) ins Leben gerufen, als gemeinsame Aktion mit Gr\u00fcne Liga Berlin e.V., mundraub.org und B\u00fcrgerEnergie Berlin.<\/p>\n<p>FREIOBST-PANKOW ist eigentlich am Sch\u00f6nsten anzugucken bei <a href=\"https:\/\/www.facebook.com\/FreiobstPankow\/?ref=hl\" target=\"_blank\">Facebook<\/a>. Dort ist eine st\u00e4ndig wachsende Community entstanden, die sich f\u00fcr Natur, StadtNatur, anders wirtschaften (teilen statt haben) und Pankow interessiert. Kontaktinfos finden sich allerdings leichter auf <a href=\"http:\/\/www.freiobst-pankow.de\/\" target=\"_blank\">www.freiobst-pankow.de<\/a>.<\/p>\n<p>Alte Obstbaumsorten werden wieder heimisch im Nordberliner Raum. Pankower B\u00fcrgerinnen und B\u00fcrger spenden die Obstb\u00e4ume und \u00fcbernehmen f\u00fcr sie eine Patenschaft. Oder aber lokale Vereine entdecken das lebensbejahende Pflanzen und Pflegen eines Obstbaumes als tolle M\u00f6glichkeit, mit Ihren Mitgliedern im \u00f6ffentlichen Raum aktiv und sichtbar zu werden.<\/p>\n<p>So wurden seit 2012 bereits 60 B\u00e4ume in Blankenburg und Franz\u00f6sisch-Buchholz gepflanzt. Im letzten Jahr hat sich die Zukunftswerkstatt Heinersdorf e.V. federf\u00fchrend darum gek\u00fcmmert, weitere 30 Baumpaten f\u00fcr die Obstbaumpflanzung am 1. November 2014 zu gewinnen. Und 2015 haben wir mit der Albert-Schweitzer Stiftung Betreuen und Wohnen daf\u00fcr gesorgt, dass die Bewohnerinnen Spass am G\u00e4rtnern und die \u00d6ffentlichkeit Spass am Besuch der Anlage in Blankenburg entwickeln kann.<\/p>\n<p><strong>Die Aktion steht unter dem Motto Baumpate werden \u2013 Freiobst ernten.<\/strong><\/p>\n<p>Mit der Aktion wollen wir zeigen, dass Menschen sich mit schmackhaftem Obst durchaus selbst versorgen k\u00f6nnen und ein alternatives, nicht in erster Linie auf Konsum aufbauendes Wirtschaften m\u00f6glich ist.<\/p>\n<p>Denn in einigen Jahren, wenn die Obstb\u00e4ume Fr\u00fcchte tragen, k\u00f6nnen diese von allen geerntet werden.<\/p>\n<p>Die B\u00e4ume werden auf der Webseite der Obstallmende-Plattform www.mundraub.org aufgezeichnet.<\/p>\n<p>Gerade vor dem Hintergrund fehlenden Baumbestandes in Pankow und ganz Berlin setzt die Aktion ein Zeichen.<\/p>\n<p>&nbsp;<\/p>\n","protected":false},"excerpt":{"rendered":"<p>Wir pflanzen Obstb\u00e4ume, die in einigen Jahren von allen beerntet werden d\u00fcrfen. FREIOBST-PANKOW wurde 2012 von mir f\u00fcr B\u00fcndnis 90\/Die Gr\u00fcnen (Pankow) ins Leben gerufen, als gemeinsame Aktion mit Gr\u00fcne&#8230;  <a href=\"http:\/\/cordeliakoch.de\/index.php\/freiobst\/\" title=\"Read FREIOBST-PANKOW\" class=\"readmore\">Weiterlesen &raquo;<\/a><\/p>\n","protected":false},"author":1,"featured_media":0,"parent":0,"menu_order":0,"comment_status":"closed","ping_status":"closed","template":"","meta":{"footnotes":""},"class_list":["post-42","page","type-page","status-publish","hentry"],"_links":{"self":[{"href":"http:\/\/cordeliakoch.de\/index.php\/wp-json\/wp\/v2\/pages\/42","targetHints":{"allow":["GET"]}}],"collection":[{"href":"http:\/\/cordeliakoch.de\/index.php\/wp-json\/wp\/v2\/pages"}],"about":[{"href":"http:\/\/cordeliakoch.de\/index.php\/wp-json\/wp\/v2\/types\/page"}],"author":[{"embeddable":true,"href":"http:\/\/cordeliakoch.de\/index.php\/wp-json\/wp\/v2\/users\/1"}],"replies":[{"embeddable":true,"href":"http:\/\/cordeliakoch.de\/index.php\/wp-json\/wp\/v2\/comments?post=42"}],"version-history":[{"count":9,"href":"http:\/\/cordeliakoch.de\/index.php\/wp-json\/wp\/v2\/pages\/42\/revisions"}],"predecessor-version":[{"id":252,"href":"http:\/\/cordeliakoch.de\/index.php\/wp-json\/wp\/v2\/pages\/42\/revisions\/252"}],"wp:attachment":[{"href":"http:\/\/cordeliakoch.de\/index.php\/wp-json\/wp\/v2\/media?parent=42"}],"curies":[{"name":"wp","href":"https:\/\/api.w.org\/{rel}","templated":true}]}}