{"id":818,"date":"2026-02-15T19:09:24","date_gmt":"2026-02-15T18:09:24","guid":{"rendered":"https:\/\/cordeliakoch.de\/?page_id=818"},"modified":"2026-03-05T15:41:25","modified_gmt":"2026-03-05T14:41:25","slug":"pankow-zusammenhalten","status":"publish","type":"page","link":"http:\/\/cordeliakoch.de\/index.php\/start\/pankow-zusammenhalten\/","title":{"rendered":"Pankow zusammenhalten"},"content":{"rendered":"\n<figure class=\"wp-block-gallery has-nested-images columns-default is-cropped wp-block-gallery-1 is-layout-flex wp-block-gallery-is-layout-flex\">\n<figure class=\"wp-block-image size-large\"><img loading=\"lazy\" decoding=\"async\" width=\"800\" height=\"534\" data-id=\"633\" src=\"http:\/\/cordeliakoch.de\/wp-content\/uploads\/2021\/07\/D81_5866-21-800x534.jpg\" alt=\"\" class=\"wp-image-633\" srcset=\"http:\/\/cordeliakoch.de\/wp-content\/uploads\/2021\/07\/D81_5866-21-800x534.jpg 800w, http:\/\/cordeliakoch.de\/wp-content\/uploads\/2021\/07\/D81_5866-21-400x267.jpg 400w, http:\/\/cordeliakoch.de\/wp-content\/uploads\/2021\/07\/D81_5866-21-768x513.jpg 768w, http:\/\/cordeliakoch.de\/wp-content\/uploads\/2021\/07\/D81_5866-21-150x100.jpg 150w\" sizes=\"auto, (max-width: 800px) 100vw, 800px\" \/><\/figure>\n<\/figure>\n\n\n\n<p class=\"has-text-align-left\">Cordelia Koch, B\u00fcrgermeisterin von Pankow<\/p>\n\n\n\n<p><strong>Gro\u00dfstadt braucht R\u00fcckhalt<\/strong><br>Infrastruktur sichern. Zusammenhalt st\u00e4rken. Zukunft bauen.<\/p>\n\n\n\n<p>Pankow ist Gro\u00dfstadt. Und Pankow w\u00e4chst. Dabei fragen sich viele Menschen: Bleibt unsere Stadt lebenswert? Und funktioniert sie auch in Krisenf\u00e4llen? Ich bin B\u00fcrgermeisterin von Pankow. Mein Auftrag ist, diese Gro\u00dfstadt zusammenzuhalten und in die Zukunft zu f\u00fchren. Ich sage: Ja, sie bleibt lebenswert. Wenn wir jetzt die richtigen Entscheidungen treffen.<\/p>\n\n\n\n<figure class=\"wp-block-gallery has-nested-images columns-default is-cropped wp-block-gallery-2 is-layout-flex wp-block-gallery-is-layout-flex\">\n<figure class=\"wp-block-image size-large\"><img loading=\"lazy\" decoding=\"async\" width=\"700\" height=\"468\" data-id=\"196\" src=\"https:\/\/cordeliakoch.de\/wp-content\/uploads\/2016\/02\/axel-luessow_der-tierfotograf.de_UELM_mail-de.jpg\" alt=\"\" class=\"wp-image-196\" srcset=\"http:\/\/cordeliakoch.de\/wp-content\/uploads\/2016\/02\/axel-luessow_der-tierfotograf.de_UELM_mail-de.jpg 700w, http:\/\/cordeliakoch.de\/wp-content\/uploads\/2016\/02\/axel-luessow_der-tierfotograf.de_UELM_mail-de-400x267.jpg 400w, http:\/\/cordeliakoch.de\/wp-content\/uploads\/2016\/02\/axel-luessow_der-tierfotograf.de_UELM_mail-de-150x100.jpg 150w\" sizes=\"auto, (max-width: 700px) 100vw, 700px\" \/><\/figure>\n<\/figure>\n\n\n\n<p>Prenzlauer Berg, Buch und Blankenfelde machen Pankow zu einer vielf\u00e4ltigen Gro\u00dfstadt. Und ich f\u00fchre den Bezirk auch so. Damit jeder Ortsteil gewinnt. Jeder Ortsteil braucht die passende Infrastruktur. Im Norden steht der \u00f6ffentliche Nahverkehr im Fokus. Es gibt nicht gen\u00fcgend Bibliotheken und Sportpl\u00e4tze. Vielerorts im Norden, Osten und Westen fehlen kulturelle Angebote. Im S\u00fcden geht es um den Schutz und den Ausbau von Gr\u00fcnfl\u00e4chen etwa durch Entsiegelung. Pankow muss vom Senat finanziell besser ausgestattet werden, um seine Funktion als Gro\u00dfstadt erf\u00fcllen zu k\u00f6nnen.<\/p>\n\n\n\n<p>Die Menschen erwarten zu recht eine Verwaltung, die in der Krise funktioniert. Und im Alltag erst recht. Sie muss die Probleme der Menschen l\u00f6sen.<\/p>\n\n\n\n<p><strong>Was die Menschen in Pankow bewegt<\/strong><\/p>\n\n\n\n<p>Die Basis muss stimmen, der Alltag muss funktionieren.<\/p>\n\n\n\n<p>Meine Haltung ist: Die Verwaltung gestaltet unser Pankow von morgen. Als B\u00fcrgermeisterin von Pankow transportiere ich jeden Tag diesen Anspruch. Und ich erlebe, dass den Kolleginnen und Kollegen im Bezirksamt Pankow gute Ergebnisse wichtig sind. Ein guter Kontakt mit den B\u00fcrger:innen. Ein Dankesch\u00f6n, das sich in Zufriedenheit und Entspannung \u00e4u\u00dfert. Die Menschen erwarten von ihrer Verwaltung, dass ihr Kind in Pankow in die Schule gehen kann und nicht mehr in einen anderen Bezirk fahren muss. Sie erwarten sichere Wege. Mancherorts fehlt in Pankow noch der ganze Gehweg oder eine Stra\u00dfe. Sicher, wir haben viel nachzuholen, und das bei knappen Kassen. Und in den kommenden Jahren fehlt der Verwaltung eine ganze Generation, die im Sparzwang der 1990ern nicht eingestellt wurde. Meine Aufgabe ist es, dennoch Schritt f\u00fcr Schritt voranzukommen und ihre Leistungsf\u00e4higkeit zu verbessern. Denn: Die Verwaltung ist das Gesicht der Demokratie. An ihr bemisst sich, ob Menschen zufrieden sind. Daran arbeite ich jeden Tag.<\/p>\n\n\n\n<p><strong>Infrastruktur<\/strong> <strong>sichern<\/strong><\/p>\n\n\n\n<p>Auch in Zukunft muss das Leben bezahlbar bleiben. Daf\u00fcr brauchen wir bezahlbaren Wohnraum.&nbsp;&nbsp;Wohnungen f\u00fcr 100.000 Menschen k\u00f6nnten in Pankow gebaut werden.<\/p>\n\n\n\n<p>Als B\u00fcrgermeisterin von Pankow mache ich dem Senat deutlich, dass wir zu den Wohnungen auch Stadtteilzentren, Schulen, Kitas, Bibliotheken, Volkshochschulen und Gr\u00fcnfl\u00e4chen brauchen, um lebenswerte Quartiere zu schaffen.<\/p>\n\n\n\n<p>Ich setze mich daf\u00fcr ein, dass wir die soziale Infrastruktur planen, bauen und von Anfang an ihre Finanzierung sichern. Die Finanzierung dieser sozialen Infrastruktur kann nicht den Bezirken \u00fcberlassen werden. Das geben ihre Haushalte nicht her.&nbsp;<\/p>\n\n\n\n<p><em>Warum das z\u00e4hlt:<\/em> <\/p>\n\n\n\n<p>Das Gef\u00fchl, sicher zu leben, entsteht durch ein Netz an Nachbarn und Freunden. Dieses Netz entsteht durch Begegnung. Dies ist kein \u201enice to have\u201c. Es ist das Fundament, auf dem wir unser Zusammenleben bauen.<\/p>\n\n\n\n<figure class=\"wp-block-image size-large\"><img loading=\"lazy\" decoding=\"async\" width=\"800\" height=\"565\" src=\"http:\/\/cordeliakoch.de\/wp-content\/uploads\/2021\/08\/210426-MLA-PAN-Antonplatz-800x565.jpg\" alt=\"\" class=\"wp-image-674\" srcset=\"http:\/\/cordeliakoch.de\/wp-content\/uploads\/2021\/08\/210426-MLA-PAN-Antonplatz-800x565.jpg 800w, http:\/\/cordeliakoch.de\/wp-content\/uploads\/2021\/08\/210426-MLA-PAN-Antonplatz-400x282.jpg 400w, http:\/\/cordeliakoch.de\/wp-content\/uploads\/2021\/08\/210426-MLA-PAN-Antonplatz-768x542.jpg 768w, http:\/\/cordeliakoch.de\/wp-content\/uploads\/2021\/08\/210426-MLA-PAN-Antonplatz-150x106.jpg 150w, http:\/\/cordeliakoch.de\/wp-content\/uploads\/2021\/08\/210426-MLA-PAN-Antonplatz.jpg 1417w\" sizes=\"auto, (max-width: 800px) 100vw, 800px\" \/><figcaption class=\"wp-element-caption\">Antonplatz, Visualisierung entstanden im Projekt Stadtraum 2030<\/figcaption><\/figure>\n\n\n\n<p><strong>Zusammenhalt st\u00e4rken<\/strong><\/p>\n\n\n\n<p>Seit Corona leiden vielen Menschen unter Problemen, die Wartezeiten bei Psychologen sind lang. Der Ukraine Krieg hat weiter zur Verunsicherung von Menschen beigetragen und den Bedarf an niedrigschwellig zug\u00e4nglichen Gespr\u00e4chsangeboten erh\u00f6ht.\u00a0<\/p>\n\n\n\n<p>Erster Anlaufpunkt sind Stadtteilzentren, in denen Menschen sich begegnen und gemeinsam Dinge tun.&nbsp;<\/p>\n\n\n\n<p>Darum will ich die Stadtteilzentren zu Orten entwickeln, die im Alltag helfen und die Menschen in Krisen auffangen. Dort m\u00f6chte ich eine niedrigschwellige psychologische Versorgung sicherstellen.&nbsp;<\/p>\n\n\n\n<p><em>Warum das z\u00e4hlt:<\/em> <\/p>\n\n\n\n<p>Stadtteilzentren, die im Alltag als Orte eingef\u00fchrt sind, die Hilfe bieten, sind auch im Krisenfall als Anlaufpunkte bekannt. Wir wissen, dass Stadtteile dann stabil sind und Menschen mit Krisen zurechtkommen, wenn es Orte gibt, an denen sich Menschen begegnen.\u00a0<\/p>\n\n\n\n<figure class=\"wp-block-image\"><img loading=\"lazy\" decoding=\"async\" width=\"2560\" height=\"1720\" src=\"http:\/\/cordeliakoch.de\/wp-content\/uploads\/2016\/06\/160618-Mundraub-Cordelia-Kirschen-X-1.jpg\" alt=\"\" class=\"wp-image-358\" srcset=\"http:\/\/cordeliakoch.de\/wp-content\/uploads\/2016\/06\/160618-Mundraub-Cordelia-Kirschen-X-1.jpg 2560w, http:\/\/cordeliakoch.de\/wp-content\/uploads\/2016\/06\/160618-Mundraub-Cordelia-Kirschen-X-1-400x269.jpg 400w, http:\/\/cordeliakoch.de\/wp-content\/uploads\/2016\/06\/160618-Mundraub-Cordelia-Kirschen-X-1-768x516.jpg 768w, http:\/\/cordeliakoch.de\/wp-content\/uploads\/2016\/06\/160618-Mundraub-Cordelia-Kirschen-X-1-800x538.jpg 800w, http:\/\/cordeliakoch.de\/wp-content\/uploads\/2016\/06\/160618-Mundraub-Cordelia-Kirschen-X-1-150x101.jpg 150w\" sizes=\"auto, (max-width: 2560px) 100vw, 2560px\" \/><\/figure>\n\n\n\n<p><strong>Zukunft sichern<\/strong><\/p>\n\n\n\n<p>Als B\u00fcrgermeisterin von Pankow arbeite ich heute schon daran, Pankow fit zu machen f\u00fcr die Zukunft. Wir planen erneuerbare Energien im Norden Pankows, da wo zuk\u00fcnftig das Gewerbegebiet an der A 10 entstehen soll und wo schon Windr\u00e4der stehen. Da (und nur da) wollen wir weitere Windr\u00e4der bauen und ich sage: Wir sollten weitere erneuerbare Energien erm\u00f6glichen wie Agri-Photovoltaik. Bei den Windr\u00e4dern kommt mindestens eine als B\u00fcrgerenergieanlage in Betracht: gebaut von B\u00fcrgerinnen und B\u00fcrgern, als Genossenschaft betrieben. So k\u00f6nnen die Menschen auch finanziell von der Windkraftanlage profitieren. Und wir sollten auch den erfolgreichen Weg anderer Kommunen gehen, die aus den Einnahmen durch die Windenergie Projekte finanzieren, f\u00fcr die sonst kein Geld da w\u00e4re. \u00dcber die Pacht f\u00fcr die Anlagen schaffen wir das finanzielle Fundament in unserem \u00f6ffentlichen Haushalt. Das ist Klimaschutz vor Ort, der den Bezirk handlungsf\u00e4hig macht.<\/p>\n\n\n\n<p><em>Warum das z\u00e4hlt:<\/em><br>Weil Zukunft nur funktioniert, wenn Menschen profitieren. Wir bauen Zukunft, um zuk\u00fcnftig mehr Zukunft bauen zu k\u00f6nnen.<\/p>\n\n\n\n<p><strong>Mein Kurs f\u00fcr Pankow: umsetzen!<\/strong><\/p>\n\n\n\n<p>Wie kommen wir nun dazu, dass Versprechen umgesetzt werden? Denn darauf kommt es an. Auch hier bin ich klar: Ich orientiere die Verwaltung hin auf ein klares Ergebnis. In jedem Termin, den ich als B\u00fcrgermeisterin wahrnehme, treffe ich Verabredungen, kl\u00e4re ich, wer verantwortlich ist. Und vor allem: Ich lege den Zeithorizont fest. Denn jedes Ziel braucht eine zeitliche Vorgabe.<\/p>\n\n\n\n<p>Wir leben in einer Zeit, die stark von Zugeh\u00f6rigkeit gepr\u00e4gt ist. Social Media ist auf Best\u00e4tigung trainiert und es trainiert uns, immer wieder nach Best\u00e4tigung zu suchen. Das mag sich lange gut anf\u00fchlen. Doch wir verlieren unsere F\u00e4higkeit zum Diskurs. Und verlernen, andere Erfahrungen und Perspektiven zu erleben.<\/p>\n\n\n\n<p>Als B\u00fcrgermeisterin von Pankow habe ich den Rathaus-Salon eingef\u00fchrt. Wir sprechen in den Salons \u00fcber Ostberlin. Erinnerungen. Gegenwart. Biografisches Erleben ist immer einzigartig und es erm\u00f6glicht einen Austausch ohne Bewertung, ein Kennenlernen und Zuh\u00f6ren, das Aushalten anderer Meinungen. Nicht meckern, sondern machen. Das ist mein Motto, auch wenn das Klappern zum Gesch\u00e4ft geh\u00f6rt. Als B\u00fcrgermeisterin ist es meine Aufgabe, klar zu benennen, wo der Senat noch besser werden kann. Doch das reicht nicht. Mein Anspruch ist immer auch eine L\u00f6sung anzubieten und einen Weg, wie wir gestalten, statt zu verwalten.<\/p>\n\n\n\n<p><\/p>\n\n\n\n<p><\/p>\n\n\n\n<p><\/p>\n","protected":false},"excerpt":{"rendered":"<p>Cordelia Koch, B\u00fcrgermeisterin von Pankow Gro\u00dfstadt braucht R\u00fcckhaltInfrastruktur sichern. Zusammenhalt st\u00e4rken. Zukunft bauen. Pankow ist Gro\u00dfstadt. Und Pankow w\u00e4chst. Dabei fragen sich viele Menschen: Bleibt unsere Stadt lebenswert? Und funktioniert&#8230;  <a href=\"http:\/\/cordeliakoch.de\/index.php\/start\/pankow-zusammenhalten\/\" title=\"Read Pankow zusammenhalten\" class=\"readmore\">Weiterlesen &raquo;<\/a><\/p>\n","protected":false},"author":4,"featured_media":0,"parent":632,"menu_order":1,"comment_status":"closed","ping_status":"closed","template":"page-fullpage.php","meta":{"footnotes":""},"class_list":["post-818","page","type-page","status-publish","hentry"],"_links":{"self":[{"href":"http:\/\/cordeliakoch.de\/index.php\/wp-json\/wp\/v2\/pages\/818","targetHints":{"allow":["GET"]}}],"collection":[{"href":"http:\/\/cordeliakoch.de\/index.php\/wp-json\/wp\/v2\/pages"}],"about":[{"href":"http:\/\/cordeliakoch.de\/index.php\/wp-json\/wp\/v2\/types\/page"}],"author":[{"embeddable":true,"href":"http:\/\/cordeliakoch.de\/index.php\/wp-json\/wp\/v2\/users\/4"}],"replies":[{"embeddable":true,"href":"http:\/\/cordeliakoch.de\/index.php\/wp-json\/wp\/v2\/comments?post=818"}],"version-history":[{"count":40,"href":"http:\/\/cordeliakoch.de\/index.php\/wp-json\/wp\/v2\/pages\/818\/revisions"}],"predecessor-version":[{"id":901,"href":"http:\/\/cordeliakoch.de\/index.php\/wp-json\/wp\/v2\/pages\/818\/revisions\/901"}],"up":[{"embeddable":true,"href":"http:\/\/cordeliakoch.de\/index.php\/wp-json\/wp\/v2\/pages\/632"}],"wp:attachment":[{"href":"http:\/\/cordeliakoch.de\/index.php\/wp-json\/wp\/v2\/media?parent=818"}],"curies":[{"name":"wp","href":"https:\/\/api.w.org\/{rel}","templated":true}]}}