{"id":632,"date":"2021-07-01T17:34:21","date_gmt":"2021-07-01T15:34:21","guid":{"rendered":"http:\/\/cordeliakoch.de\/?page_id=632"},"modified":"2026-03-06T07:25:03","modified_gmt":"2026-03-06T06:25:03","slug":"start","status":"publish","type":"page","link":"https:\/\/cordeliakoch.de\/","title":{"rendered":"Cordelia Koch"},"content":{"rendered":"\n<figure class=\"wp-block-image\"><img loading=\"lazy\" decoding=\"async\" width=\"800\" height=\"534\" src=\"http:\/\/cordeliakoch.de\/wp-content\/uploads\/2021\/07\/D81_5866-21-800x534.jpg\" alt=\"\" class=\"wp-image-633\" srcset=\"https:\/\/cordeliakoch.de\/wp-content\/uploads\/2021\/07\/D81_5866-21-800x534.jpg 800w, https:\/\/cordeliakoch.de\/wp-content\/uploads\/2021\/07\/D81_5866-21-400x267.jpg 400w, https:\/\/cordeliakoch.de\/wp-content\/uploads\/2021\/07\/D81_5866-21-768x513.jpg 768w, https:\/\/cordeliakoch.de\/wp-content\/uploads\/2021\/07\/D81_5866-21-150x100.jpg 150w\" sizes=\"auto, (max-width: 800px) 100vw, 800px\" \/><\/figure>\n\n\n<p class=\"intro\"><span style=\"font-size: revert;\">Ich bin B\u00fcrgermeisterin von Pankow. Und Pankow ist eine Gro\u00dfstadt &#8211; mit Prenzlauer Berg, Buch und Blankenfelde. Mein Auftrag ist, diese Gro\u00dfstadt zusammenzuhalten und in die Zukunft zu f\u00fchren.<\/span><!--more--><\/p>\n<p><!--more--><span style=\"font-size: revert;\">Meine Haltung ist klar: Politik muss die Probleme der Menschen l\u00f6sen. Das geht nur mit den B\u00fcrgerinnen und B\u00fcrgern gemeinsam. Was die Menschen zu recht erwarten ist eine Verwaltung, die in der Krise funktioniert. Und im Alltag erst recht. Daran arbeite ich jeden Tag.\u00a0<\/span><br \/><!--more--><\/p>\n<img loading=\"lazy\" decoding=\"async\" class=\"alignnone wp-image-523\" src=\"http:\/\/cordeliakoch.de\/wp-content\/uploads\/2019\/10\/Cordelia-Trittin-400x265.jpg\" alt=\"Cordelia, Trittin\" width=\"848\" height=\"562\" srcset=\"https:\/\/cordeliakoch.de\/wp-content\/uploads\/2019\/10\/Cordelia-Trittin-400x265.jpg 400w, https:\/\/cordeliakoch.de\/wp-content\/uploads\/2019\/10\/Cordelia-Trittin-768x510.jpg 768w, https:\/\/cordeliakoch.de\/wp-content\/uploads\/2019\/10\/Cordelia-Trittin-800x531.jpg 800w, https:\/\/cordeliakoch.de\/wp-content\/uploads\/2019\/10\/Cordelia-Trittin-150x100.jpg 150w, https:\/\/cordeliakoch.de\/wp-content\/uploads\/2019\/10\/Cordelia-Trittin.jpg 1311w\" sizes=\"auto, (max-width: 848px) 100vw, 848px\" \/>\n<p>Die Menschen brauchen Parks und Naherholungsgebiete, um sich vom Stress der Gro\u00dfstadt zu erholen. Gr\u00fcnfl\u00e4chen und schattenspende B\u00e4ume werden in Zeiten des Klimawandels noch notwendiger. Doch wir m\u00fcssen auch Wohnungen bauen, damit die Mieten nicht weiter ansteigen, damit Familien genug Platz f\u00fcr ihre Kinder haben, damit Menschen die Lebensform leben k\u00f6nnen, die sie sich w\u00fcnschen. F\u00fcr mich ist klar: Das darf nicht auf Kosten von Gr\u00fcnfl\u00e4chen gehen. Wir m\u00fcssen kreativ sein &#8211; wie etwa beim Projekt <a href=\"https:\/\/stadtraum2030.de\/\">Stadtraum 2030<\/a>.<\/p>\n<img loading=\"lazy\" decoding=\"async\" class=\"alignnone wp-image-643\" src=\"http:\/\/cordeliakoch.de\/wp-content\/uploads\/2021\/07\/fuer-pankow-sozial-bunt-klimag-400x267.png\" alt=\"fuer-pankow-sozial-bunt-klimag\" width=\"861\" height=\"575\" srcset=\"https:\/\/cordeliakoch.de\/wp-content\/uploads\/2021\/07\/fuer-pankow-sozial-bunt-klimag-400x267.png 400w, https:\/\/cordeliakoch.de\/wp-content\/uploads\/2021\/07\/fuer-pankow-sozial-bunt-klimag-768x513.png 768w, https:\/\/cordeliakoch.de\/wp-content\/uploads\/2021\/07\/fuer-pankow-sozial-bunt-klimag-800x534.png 800w, https:\/\/cordeliakoch.de\/wp-content\/uploads\/2021\/07\/fuer-pankow-sozial-bunt-klimag-150x100.png 150w\" sizes=\"auto, (max-width: 861px) 100vw, 861px\" \/>\n\n\n<p><\/p>\n","protected":false},"excerpt":{"rendered":"<p>Ich bin B\u00fcrgermeisterin von Pankow. Und Pankow ist eine Gro\u00dfstadt &#8211; mit Prenzlauer Berg, Buch und Blankenfelde. Mein Auftrag ist, diese Gro\u00dfstadt zusammenzuhalten und in die Zukunft zu f\u00fchren.<\/p>\n","protected":false},"author":4,"featured_media":0,"parent":0,"menu_order":0,"comment_status":"closed","ping_status":"closed","template":"","meta":{"footnotes":""},"class_list":["post-632","page","type-page","status-publish","hentry"],"_links":{"self":[{"href":"https:\/\/cordeliakoch.de\/index.php\/wp-json\/wp\/v2\/pages\/632","targetHints":{"allow":["GET"]}}],"collection":[{"href":"https:\/\/cordeliakoch.de\/index.php\/wp-json\/wp\/v2\/pages"}],"about":[{"href":"https:\/\/cordeliakoch.de\/index.php\/wp-json\/wp\/v2\/types\/page"}],"author":[{"embeddable":true,"href":"https:\/\/cordeliakoch.de\/index.php\/wp-json\/wp\/v2\/users\/4"}],"replies":[{"embeddable":true,"href":"https:\/\/cordeliakoch.de\/index.php\/wp-json\/wp\/v2\/comments?post=632"}],"version-history":[{"count":35,"href":"https:\/\/cordeliakoch.de\/index.php\/wp-json\/wp\/v2\/pages\/632\/revisions"}],"predecessor-version":[{"id":915,"href":"https:\/\/cordeliakoch.de\/index.php\/wp-json\/wp\/v2\/pages\/632\/revisions\/915"}],"wp:attachment":[{"href":"https:\/\/cordeliakoch.de\/index.php\/wp-json\/wp\/v2\/media?parent=632"}],"curies":[{"name":"wp","href":"https:\/\/api.w.org\/{rel}","templated":true}]}}